{"id":13671,"date":"2021-11-08T17:39:26","date_gmt":"2021-11-08T16:39:26","guid":{"rendered":"https:\/\/www.rodaonline.com\/prodotti\/"},"modified":"2022-02-24T12:25:39","modified_gmt":"2022-02-24T11:25:39","slug":"produkte","status":"publish","type":"page","link":"https:\/\/www.rodaonline.com\/de\/produkte\/","title":{"rendered":"Produkte"},"content":{"rendered":"","protected":false},"excerpt":{"rendered":"","protected":false},"author":2,"featured_media":0,"parent":0,"menu_order":64,"comment_status":"closed","ping_status":"closed","template":"template-parts\/prodotti.php","meta":{"_acf_changed":false,"footnotes":""},"class_list":["post-13671","page","type-page","status-publish","hentry","entry"],"acf":[],"yoast_head":"<!-- This site is optimized with the Yoast SEO plugin v27.3 - https:\/\/yoast.com\/product\/yoast-seo-wordpress\/ -->\n<title>Gartenm\u00f6bel und Outdoor-Einrichtungsst\u00fccke | RODA<\/title>\n<meta name=\"description\" content=\"RODA pr\u00e4sentiert seine eigene Vision des italienischen Designs in der Welt, indem es hochwertige Outdoor-Einrichtungsst\u00fccke herstellt. Entdecken Sie alle Angebote von RODA f\u00fcr Outdoor-M\u00f6bel: Sofas, Sessel und Sitzpouf, Couchtische und B\u00e4nke, Tische, St\u00fchle und Barhocker, Sonnenliegen und Liegest\u00fchle, Pavillons und Trennw\u00e4nde, Teppiche.\" \/>\n<meta name=\"robots\" content=\"index, follow, max-snippet:-1, max-image-preview:large, max-video-preview:-1\" \/>\n<link rel=\"canonical\" href=\"https:\/\/www.rodaonline.com\/de\/produkte\/\" \/>\n<meta property=\"og:locale\" content=\"de_DE\" \/>\n<meta property=\"og:type\" content=\"article\" \/>\n<meta property=\"og:title\" content=\"Gartenm\u00f6bel und Outdoor-Einrichtungsst\u00fccke | RODA\" \/>\n<meta property=\"og:description\" content=\"RODA pr\u00e4sentiert seine eigene Vision des italienischen Designs in der Welt, indem es hochwertige Outdoor-Einrichtungsst\u00fccke herstellt. Entdecken Sie alle Angebote von RODA f\u00fcr Outdoor-M\u00f6bel: Sofas, Sessel und Sitzpouf, Couchtische und B\u00e4nke, Tische, St\u00fchle und Barhocker, Sonnenliegen und Liegest\u00fchle, Pavillons und Trennw\u00e4nde, Teppiche.\" \/>\n<meta property=\"og:url\" content=\"https:\/\/www.rodaonline.com\/de\/produkte\/\" \/>\n<meta property=\"og:site_name\" content=\"Roda\" \/>\n<meta property=\"article:modified_time\" content=\"2022-02-24T11:25:39+00:00\" \/>\n<meta name=\"twitter:card\" content=\"summary_large_image\" \/>\n<script type=\"application\/ld+json\" class=\"yoast-schema-graph\">{\"@context\":\"https:\\\/\\\/schema.org\",\"@graph\":[{\"@type\":\"WebPage\",\"@id\":\"https:\\\/\\\/www.rodaonline.com\\\/de\\\/produkte\\\/\",\"url\":\"https:\\\/\\\/www.rodaonline.com\\\/de\\\/produkte\\\/\",\"name\":\"Gartenm\u00f6bel und Outdoor-Einrichtungsst\u00fccke | RODA\",\"isPartOf\":{\"@id\":\"https:\\\/\\\/www.rodaonline.com\\\/de\\\/#website\"},\"datePublished\":\"2021-11-08T16:39:26+00:00\",\"dateModified\":\"2022-02-24T11:25:39+00:00\",\"description\":\"RODA pr\u00e4sentiert seine eigene Vision des italienischen Designs in der Welt, indem es hochwertige Outdoor-Einrichtungsst\u00fccke herstellt. Entdecken Sie alle Angebote von RODA f\u00fcr Outdoor-M\u00f6bel: Sofas, Sessel und Sitzpouf, Couchtische und B\u00e4nke, Tische, St\u00fchle und Barhocker, Sonnenliegen und Liegest\u00fchle, Pavillons und Trennw\u00e4nde, Teppiche.\",\"inLanguage\":\"de\",\"potentialAction\":[{\"@type\":\"ReadAction\",\"target\":[\"https:\\\/\\\/www.rodaonline.com\\\/de\\\/produkte\\\/\"]}]},{\"@type\":\"WebSite\",\"@id\":\"https:\\\/\\\/www.rodaonline.com\\\/de\\\/#website\",\"url\":\"https:\\\/\\\/www.rodaonline.com\\\/de\\\/\",\"name\":\"Roda\",\"description\":\"\",\"potentialAction\":[{\"@type\":\"SearchAction\",\"target\":{\"@type\":\"EntryPoint\",\"urlTemplate\":\"https:\\\/\\\/www.rodaonline.com\\\/de\\\/?s={search_term_string}\"},\"query-input\":{\"@type\":\"PropertyValueSpecification\",\"valueRequired\":true,\"valueName\":\"search_term_string\"}}],\"inLanguage\":\"de\"}]}<\/script>\n<!-- \/ Yoast SEO plugin. -->","yoast_head_json":{"title":"Gartenm\u00f6bel und Outdoor-Einrichtungsst\u00fccke | RODA","description":"RODA pr\u00e4sentiert seine eigene Vision des italienischen Designs in der Welt, indem es hochwertige Outdoor-Einrichtungsst\u00fccke herstellt. Entdecken Sie alle Angebote von RODA f\u00fcr Outdoor-M\u00f6bel: Sofas, Sessel und Sitzpouf, Couchtische und B\u00e4nke, Tische, St\u00fchle und Barhocker, Sonnenliegen und Liegest\u00fchle, Pavillons und Trennw\u00e4nde, Teppiche.","robots":{"index":"index","follow":"follow","max-snippet":"max-snippet:-1","max-image-preview":"max-image-preview:large","max-video-preview":"max-video-preview:-1"},"canonical":"https:\/\/www.rodaonline.com\/de\/produkte\/","og_locale":"de_DE","og_type":"article","og_title":"Gartenm\u00f6bel und Outdoor-Einrichtungsst\u00fccke | RODA","og_description":"RODA pr\u00e4sentiert seine eigene Vision des italienischen Designs in der Welt, indem es hochwertige Outdoor-Einrichtungsst\u00fccke herstellt. Entdecken Sie alle Angebote von RODA f\u00fcr Outdoor-M\u00f6bel: Sofas, Sessel und Sitzpouf, Couchtische und B\u00e4nke, Tische, St\u00fchle und Barhocker, Sonnenliegen und Liegest\u00fchle, Pavillons und Trennw\u00e4nde, Teppiche.","og_url":"https:\/\/www.rodaonline.com\/de\/produkte\/","og_site_name":"Roda","article_modified_time":"2022-02-24T11:25:39+00:00","twitter_card":"summary_large_image","schema":{"@context":"https:\/\/schema.org","@graph":[{"@type":"WebPage","@id":"https:\/\/www.rodaonline.com\/de\/produkte\/","url":"https:\/\/www.rodaonline.com\/de\/produkte\/","name":"Gartenm\u00f6bel und Outdoor-Einrichtungsst\u00fccke | RODA","isPartOf":{"@id":"https:\/\/www.rodaonline.com\/de\/#website"},"datePublished":"2021-11-08T16:39:26+00:00","dateModified":"2022-02-24T11:25:39+00:00","description":"RODA pr\u00e4sentiert seine eigene Vision des italienischen Designs in der Welt, indem es hochwertige Outdoor-Einrichtungsst\u00fccke herstellt. Entdecken Sie alle Angebote von RODA f\u00fcr Outdoor-M\u00f6bel: Sofas, Sessel und Sitzpouf, Couchtische und B\u00e4nke, Tische, St\u00fchle und Barhocker, Sonnenliegen und Liegest\u00fchle, Pavillons und Trennw\u00e4nde, Teppiche.","inLanguage":"de","potentialAction":[{"@type":"ReadAction","target":["https:\/\/www.rodaonline.com\/de\/produkte\/"]}]},{"@type":"WebSite","@id":"https:\/\/www.rodaonline.com\/de\/#website","url":"https:\/\/www.rodaonline.com\/de\/","name":"Roda","description":"","potentialAction":[{"@type":"SearchAction","target":{"@type":"EntryPoint","urlTemplate":"https:\/\/www.rodaonline.com\/de\/?s={search_term_string}"},"query-input":{"@type":"PropertyValueSpecification","valueRequired":true,"valueName":"search_term_string"}}],"inLanguage":"de"}]}},"_links":{"self":[{"href":"https:\/\/www.rodaonline.com\/de\/wp-json\/wp\/v2\/pages\/13671","targetHints":{"allow":["GET"]}}],"collection":[{"href":"https:\/\/www.rodaonline.com\/de\/wp-json\/wp\/v2\/pages"}],"about":[{"href":"https:\/\/www.rodaonline.com\/de\/wp-json\/wp\/v2\/types\/page"}],"author":[{"embeddable":true,"href":"https:\/\/www.rodaonline.com\/de\/wp-json\/wp\/v2\/users\/2"}],"replies":[{"embeddable":true,"href":"https:\/\/www.rodaonline.com\/de\/wp-json\/wp\/v2\/comments?post=13671"}],"version-history":[{"count":4,"href":"https:\/\/www.rodaonline.com\/de\/wp-json\/wp\/v2\/pages\/13671\/revisions"}],"predecessor-version":[{"id":19699,"href":"https:\/\/www.rodaonline.com\/de\/wp-json\/wp\/v2\/pages\/13671\/revisions\/19699"}],"wp:attachment":[{"href":"https:\/\/www.rodaonline.com\/de\/wp-json\/wp\/v2\/media?parent=13671"}],"curies":[{"name":"wp","href":"https:\/\/api.w.org\/{rel}","templated":true}]}}