{"id":13674,"date":"2021-11-08T17:39:26","date_gmt":"2021-11-08T16:39:26","guid":{"rendered":"https:\/\/www.rodaonline.com\/prodotti\/"},"modified":"2022-02-24T12:25:41","modified_gmt":"2022-02-24T11:25:41","slug":"productos","status":"publish","type":"page","link":"https:\/\/www.rodaonline.com\/es\/productos\/","title":{"rendered":"Productos"},"content":{"rendered":"","protected":false},"excerpt":{"rendered":"","protected":false},"author":2,"featured_media":0,"parent":0,"menu_order":65,"comment_status":"closed","ping_status":"closed","template":"template-parts\/prodotti.php","meta":{"_acf_changed":false,"footnotes":""},"class_list":["post-13674","page","type-page","status-publish","hentry","entry"],"acf":[],"yoast_head":"<!-- This site is optimized with the Yoast SEO plugin v27.4 - https:\/\/yoast.com\/product\/yoast-seo-wordpress\/ -->\n<title>Muebles de jard\u00edn y decoraci\u00f3n para exterior | RODA<\/title>\n<meta name=\"description\" content=\"RODA propone su visi\u00f3n del dise\u00f1o italiano en el mundo creando muebles para exterior de alta calidad. Descubra todas las propuestas de RODA de decoraci\u00f3n para exterior: sof\u00e1s, sillones y pufs, mesitas y bancos, mesas, sillas y taburetes de bar, tumbonas, p\u00e9rgolas y biombos, alfombras.\" \/>\n<meta name=\"robots\" content=\"index, follow, max-snippet:-1, max-image-preview:large, max-video-preview:-1\" \/>\n<link rel=\"canonical\" href=\"https:\/\/www.rodaonline.com\/es\/productos\/\" \/>\n<meta property=\"og:locale\" content=\"es_ES\" \/>\n<meta property=\"og:type\" content=\"article\" \/>\n<meta property=\"og:title\" content=\"Muebles de jard\u00edn y decoraci\u00f3n para exterior | RODA\" \/>\n<meta property=\"og:description\" content=\"RODA propone su visi\u00f3n del dise\u00f1o italiano en el mundo creando muebles para exterior de alta calidad. Descubra todas las propuestas de RODA de decoraci\u00f3n para exterior: sof\u00e1s, sillones y pufs, mesitas y bancos, mesas, sillas y taburetes de bar, tumbonas, p\u00e9rgolas y biombos, alfombras.\" \/>\n<meta property=\"og:url\" content=\"https:\/\/www.rodaonline.com\/es\/productos\/\" \/>\n<meta property=\"og:site_name\" content=\"Roda\" \/>\n<meta property=\"article:modified_time\" content=\"2022-02-24T11:25:41+00:00\" \/>\n<meta name=\"twitter:card\" content=\"summary_large_image\" \/>\n<script type=\"application\/ld+json\" class=\"yoast-schema-graph\">{\"@context\":\"https:\\\/\\\/schema.org\",\"@graph\":[{\"@type\":\"WebPage\",\"@id\":\"https:\\\/\\\/www.rodaonline.com\\\/es\\\/productos\\\/\",\"url\":\"https:\\\/\\\/www.rodaonline.com\\\/es\\\/productos\\\/\",\"name\":\"Muebles de jard\u00edn y decoraci\u00f3n para exterior | RODA\",\"isPartOf\":{\"@id\":\"https:\\\/\\\/www.rodaonline.com\\\/es\\\/#website\"},\"datePublished\":\"2021-11-08T16:39:26+00:00\",\"dateModified\":\"2022-02-24T11:25:41+00:00\",\"description\":\"RODA propone su visi\u00f3n del dise\u00f1o italiano en el mundo creando muebles para exterior de alta calidad. Descubra todas las propuestas de RODA de decoraci\u00f3n para exterior: sof\u00e1s, sillones y pufs, mesitas y bancos, mesas, sillas y taburetes de bar, tumbonas, p\u00e9rgolas y biombos, alfombras.\",\"inLanguage\":\"es\",\"potentialAction\":[{\"@type\":\"ReadAction\",\"target\":[\"https:\\\/\\\/www.rodaonline.com\\\/es\\\/productos\\\/\"]}]},{\"@type\":\"WebSite\",\"@id\":\"https:\\\/\\\/www.rodaonline.com\\\/es\\\/#website\",\"url\":\"https:\\\/\\\/www.rodaonline.com\\\/es\\\/\",\"name\":\"Roda\",\"description\":\"\",\"potentialAction\":[{\"@type\":\"SearchAction\",\"target\":{\"@type\":\"EntryPoint\",\"urlTemplate\":\"https:\\\/\\\/www.rodaonline.com\\\/es\\\/?s={search_term_string}\"},\"query-input\":{\"@type\":\"PropertyValueSpecification\",\"valueRequired\":true,\"valueName\":\"search_term_string\"}}],\"inLanguage\":\"es\"}]}<\/script>\n<!-- \/ Yoast SEO plugin. -->","yoast_head_json":{"title":"Muebles de jard\u00edn y decoraci\u00f3n para exterior | RODA","description":"RODA propone su visi\u00f3n del dise\u00f1o italiano en el mundo creando muebles para exterior de alta calidad. Descubra todas las propuestas de RODA de decoraci\u00f3n para exterior: sof\u00e1s, sillones y pufs, mesitas y bancos, mesas, sillas y taburetes de bar, tumbonas, p\u00e9rgolas y biombos, alfombras.","robots":{"index":"index","follow":"follow","max-snippet":"max-snippet:-1","max-image-preview":"max-image-preview:large","max-video-preview":"max-video-preview:-1"},"canonical":"https:\/\/www.rodaonline.com\/es\/productos\/","og_locale":"es_ES","og_type":"article","og_title":"Muebles de jard\u00edn y decoraci\u00f3n para exterior | RODA","og_description":"RODA propone su visi\u00f3n del dise\u00f1o italiano en el mundo creando muebles para exterior de alta calidad. Descubra todas las propuestas de RODA de decoraci\u00f3n para exterior: sof\u00e1s, sillones y pufs, mesitas y bancos, mesas, sillas y taburetes de bar, tumbonas, p\u00e9rgolas y biombos, alfombras.","og_url":"https:\/\/www.rodaonline.com\/es\/productos\/","og_site_name":"Roda","article_modified_time":"2022-02-24T11:25:41+00:00","twitter_card":"summary_large_image","schema":{"@context":"https:\/\/schema.org","@graph":[{"@type":"WebPage","@id":"https:\/\/www.rodaonline.com\/es\/productos\/","url":"https:\/\/www.rodaonline.com\/es\/productos\/","name":"Muebles de jard\u00edn y decoraci\u00f3n para exterior | RODA","isPartOf":{"@id":"https:\/\/www.rodaonline.com\/es\/#website"},"datePublished":"2021-11-08T16:39:26+00:00","dateModified":"2022-02-24T11:25:41+00:00","description":"RODA propone su visi\u00f3n del dise\u00f1o italiano en el mundo creando muebles para exterior de alta calidad. Descubra todas las propuestas de RODA de decoraci\u00f3n para exterior: sof\u00e1s, sillones y pufs, mesitas y bancos, mesas, sillas y taburetes de bar, tumbonas, p\u00e9rgolas y biombos, alfombras.","inLanguage":"es","potentialAction":[{"@type":"ReadAction","target":["https:\/\/www.rodaonline.com\/es\/productos\/"]}]},{"@type":"WebSite","@id":"https:\/\/www.rodaonline.com\/es\/#website","url":"https:\/\/www.rodaonline.com\/es\/","name":"Roda","description":"","potentialAction":[{"@type":"SearchAction","target":{"@type":"EntryPoint","urlTemplate":"https:\/\/www.rodaonline.com\/es\/?s={search_term_string}"},"query-input":{"@type":"PropertyValueSpecification","valueRequired":true,"valueName":"search_term_string"}}],"inLanguage":"es"}]}},"_links":{"self":[{"href":"https:\/\/www.rodaonline.com\/es\/wp-json\/wp\/v2\/pages\/13674","targetHints":{"allow":["GET"]}}],"collection":[{"href":"https:\/\/www.rodaonline.com\/es\/wp-json\/wp\/v2\/pages"}],"about":[{"href":"https:\/\/www.rodaonline.com\/es\/wp-json\/wp\/v2\/types\/page"}],"author":[{"embeddable":true,"href":"https:\/\/www.rodaonline.com\/es\/wp-json\/wp\/v2\/users\/2"}],"replies":[{"embeddable":true,"href":"https:\/\/www.rodaonline.com\/es\/wp-json\/wp\/v2\/comments?post=13674"}],"version-history":[{"count":3,"href":"https:\/\/www.rodaonline.com\/es\/wp-json\/wp\/v2\/pages\/13674\/revisions"}],"predecessor-version":[{"id":19700,"href":"https:\/\/www.rodaonline.com\/es\/wp-json\/wp\/v2\/pages\/13674\/revisions\/19700"}],"wp:attachment":[{"href":"https:\/\/www.rodaonline.com\/es\/wp-json\/wp\/v2\/media?parent=13674"}],"curies":[{"name":"wp","href":"https:\/\/api.w.org\/{rel}","templated":true}]}}