{"id":12711,"date":"2021-11-29T11:00:13","date_gmt":"2021-11-29T10:00:13","guid":{"rendered":"https:\/\/www.rodaonline.com\/sostenibilita\/"},"modified":"2025-01-07T09:06:09","modified_gmt":"2025-01-07T08:06:09","slug":"sustainable-thinking","status":"publish","type":"page","link":"https:\/\/www.rodaonline.com\/fr\/sustainable-thinking\/","title":{"rendered":"Sustainable Thinking"},"content":{"rendered":"","protected":false},"excerpt":{"rendered":"","protected":false},"author":2,"featured_media":0,"parent":0,"menu_order":39,"comment_status":"closed","ping_status":"closed","template":"","meta":{"_acf_changed":false,"footnotes":""},"class_list":["post-12711","page","type-page","status-publish","hentry","entry"],"acf":[],"yoast_head":"<!-- This site is optimized with the Yoast SEO plugin v27.5 - https:\/\/yoast.com\/product\/yoast-seo-wordpress\/ -->\n<title>Sustainable Thinking | RODA<\/title>\n<meta name=\"description\" content=\"RODA a une attitude responsable et accorde une grande attention \u00e0 la nature et \u00e0 la relation de l&#039;homme avec l&#039;environnement, en investissant dans des processus et des mat\u00e9riaux durables.\" \/>\n<meta name=\"robots\" content=\"index, follow, max-snippet:-1, max-image-preview:large, max-video-preview:-1\" \/>\n<link rel=\"canonical\" href=\"https:\/\/www.rodaonline.com\/fr\/sustainable-thinking\/\" \/>\n<meta property=\"og:locale\" content=\"fr_FR\" \/>\n<meta property=\"og:type\" content=\"article\" \/>\n<meta property=\"og:title\" content=\"Sustainable Thinking | RODA\" \/>\n<meta property=\"og:description\" content=\"RODA a une attitude responsable et accorde une grande attention \u00e0 la nature et \u00e0 la relation de l&#039;homme avec l&#039;environnement, en investissant dans des processus et des mat\u00e9riaux durables.\" \/>\n<meta property=\"og:url\" content=\"https:\/\/www.rodaonline.com\/fr\/sustainable-thinking\/\" \/>\n<meta property=\"og:site_name\" content=\"Roda\" \/>\n<meta property=\"article:modified_time\" content=\"2025-01-07T08:06:09+00:00\" \/>\n<meta name=\"twitter:card\" content=\"summary_large_image\" \/>\n<script type=\"application\/ld+json\" class=\"yoast-schema-graph\">{\"@context\":\"https:\\\/\\\/schema.org\",\"@graph\":[{\"@type\":\"WebPage\",\"@id\":\"https:\\\/\\\/www.rodaonline.com\\\/fr\\\/sustainable-thinking\\\/\",\"url\":\"https:\\\/\\\/www.rodaonline.com\\\/fr\\\/sustainable-thinking\\\/\",\"name\":\"Sustainable Thinking | RODA\",\"isPartOf\":{\"@id\":\"https:\\\/\\\/www.rodaonline.com\\\/fr\\\/#website\"},\"datePublished\":\"2021-11-29T10:00:13+00:00\",\"dateModified\":\"2025-01-07T08:06:09+00:00\",\"description\":\"RODA a une attitude responsable et accorde une grande attention \u00e0 la nature et \u00e0 la relation de l'homme avec l'environnement, en investissant dans des processus et des mat\u00e9riaux durables.\",\"inLanguage\":\"fr-FR\",\"potentialAction\":[{\"@type\":\"ReadAction\",\"target\":[\"https:\\\/\\\/www.rodaonline.com\\\/fr\\\/sustainable-thinking\\\/\"]}]},{\"@type\":\"WebSite\",\"@id\":\"https:\\\/\\\/www.rodaonline.com\\\/fr\\\/#website\",\"url\":\"https:\\\/\\\/www.rodaonline.com\\\/fr\\\/\",\"name\":\"Roda\",\"description\":\"\",\"potentialAction\":[{\"@type\":\"SearchAction\",\"target\":{\"@type\":\"EntryPoint\",\"urlTemplate\":\"https:\\\/\\\/www.rodaonline.com\\\/fr\\\/?s={search_term_string}\"},\"query-input\":{\"@type\":\"PropertyValueSpecification\",\"valueRequired\":true,\"valueName\":\"search_term_string\"}}],\"inLanguage\":\"fr-FR\"}]}<\/script>\n<!-- \/ Yoast SEO plugin. -->","yoast_head_json":{"title":"Sustainable Thinking | RODA","description":"RODA a une attitude responsable et accorde une grande attention \u00e0 la nature et \u00e0 la relation de l'homme avec l'environnement, en investissant dans des processus et des mat\u00e9riaux durables.","robots":{"index":"index","follow":"follow","max-snippet":"max-snippet:-1","max-image-preview":"max-image-preview:large","max-video-preview":"max-video-preview:-1"},"canonical":"https:\/\/www.rodaonline.com\/fr\/sustainable-thinking\/","og_locale":"fr_FR","og_type":"article","og_title":"Sustainable Thinking | RODA","og_description":"RODA a une attitude responsable et accorde une grande attention \u00e0 la nature et \u00e0 la relation de l'homme avec l'environnement, en investissant dans des processus et des mat\u00e9riaux durables.","og_url":"https:\/\/www.rodaonline.com\/fr\/sustainable-thinking\/","og_site_name":"Roda","article_modified_time":"2025-01-07T08:06:09+00:00","twitter_card":"summary_large_image","schema":{"@context":"https:\/\/schema.org","@graph":[{"@type":"WebPage","@id":"https:\/\/www.rodaonline.com\/fr\/sustainable-thinking\/","url":"https:\/\/www.rodaonline.com\/fr\/sustainable-thinking\/","name":"Sustainable Thinking | RODA","isPartOf":{"@id":"https:\/\/www.rodaonline.com\/fr\/#website"},"datePublished":"2021-11-29T10:00:13+00:00","dateModified":"2025-01-07T08:06:09+00:00","description":"RODA a une attitude responsable et accorde une grande attention \u00e0 la nature et \u00e0 la relation de l'homme avec l'environnement, en investissant dans des processus et des mat\u00e9riaux durables.","inLanguage":"fr-FR","potentialAction":[{"@type":"ReadAction","target":["https:\/\/www.rodaonline.com\/fr\/sustainable-thinking\/"]}]},{"@type":"WebSite","@id":"https:\/\/www.rodaonline.com\/fr\/#website","url":"https:\/\/www.rodaonline.com\/fr\/","name":"Roda","description":"","potentialAction":[{"@type":"SearchAction","target":{"@type":"EntryPoint","urlTemplate":"https:\/\/www.rodaonline.com\/fr\/?s={search_term_string}"},"query-input":{"@type":"PropertyValueSpecification","valueRequired":true,"valueName":"search_term_string"}}],"inLanguage":"fr-FR"}]}},"_links":{"self":[{"href":"https:\/\/www.rodaonline.com\/fr\/wp-json\/wp\/v2\/pages\/12711","targetHints":{"allow":["GET"]}}],"collection":[{"href":"https:\/\/www.rodaonline.com\/fr\/wp-json\/wp\/v2\/pages"}],"about":[{"href":"https:\/\/www.rodaonline.com\/fr\/wp-json\/wp\/v2\/types\/page"}],"author":[{"embeddable":true,"href":"https:\/\/www.rodaonline.com\/fr\/wp-json\/wp\/v2\/users\/2"}],"replies":[{"embeddable":true,"href":"https:\/\/www.rodaonline.com\/fr\/wp-json\/wp\/v2\/comments?post=12711"}],"version-history":[{"count":13,"href":"https:\/\/www.rodaonline.com\/fr\/wp-json\/wp\/v2\/pages\/12711\/revisions"}],"predecessor-version":[{"id":37877,"href":"https:\/\/www.rodaonline.com\/fr\/wp-json\/wp\/v2\/pages\/12711\/revisions\/37877"}],"wp:attachment":[{"href":"https:\/\/www.rodaonline.com\/fr\/wp-json\/wp\/v2\/media?parent=12711"}],"curies":[{"name":"wp","href":"https:\/\/api.w.org\/{rel}","templated":true}]}}