{"id":13668,"date":"2021-11-08T17:39:26","date_gmt":"2021-11-08T16:39:26","guid":{"rendered":"https:\/\/www.rodaonline.com\/prodotti\/"},"modified":"2022-02-24T12:25:33","modified_gmt":"2022-02-24T11:25:33","slug":"produits","status":"publish","type":"page","link":"https:\/\/www.rodaonline.com\/fr\/produits\/","title":{"rendered":"Produits"},"content":{"rendered":"","protected":false},"excerpt":{"rendered":"","protected":false},"author":2,"featured_media":0,"parent":0,"menu_order":63,"comment_status":"closed","ping_status":"closed","template":"template-parts\/prodotti.php","meta":{"_acf_changed":false,"footnotes":""},"class_list":["post-13668","page","type-page","status-publish","hentry","entry"],"acf":[],"yoast_head":"<!-- This site is optimized with the Yoast SEO plugin v27.5 - https:\/\/yoast.com\/product\/yoast-seo-wordpress\/ -->\n<title>Meubles de Jardin et Ameublement pour Ext\u00e9rieurs | RODA<\/title>\n<meta name=\"description\" content=\"RODA propose sa vision de l\u2019Italian design dans le monde en r\u00e9alisant un ameublement pour ext\u00e9rieur de haute qualit\u00e9. D\u00e9couvrez toutes les propositions RODA pour l&#039;ameublement ext\u00e9rieur : canap\u00e9s, fauteuils et poufs, tables basses et bancs, tables, chaises et tabourets de bar, chaises longues et bains de soleil, gazebos et diviseurs, tapis.\" \/>\n<meta name=\"robots\" content=\"index, follow, max-snippet:-1, max-image-preview:large, max-video-preview:-1\" \/>\n<link rel=\"canonical\" href=\"https:\/\/www.rodaonline.com\/fr\/produits\/\" \/>\n<meta property=\"og:locale\" content=\"fr_FR\" \/>\n<meta property=\"og:type\" content=\"article\" \/>\n<meta property=\"og:title\" content=\"Meubles de Jardin et Ameublement pour Ext\u00e9rieurs | RODA\" \/>\n<meta property=\"og:description\" content=\"RODA propose sa vision de l\u2019Italian design dans le monde en r\u00e9alisant un ameublement pour ext\u00e9rieur de haute qualit\u00e9. D\u00e9couvrez toutes les propositions RODA pour l&#039;ameublement ext\u00e9rieur : canap\u00e9s, fauteuils et poufs, tables basses et bancs, tables, chaises et tabourets de bar, chaises longues et bains de soleil, gazebos et diviseurs, tapis.\" \/>\n<meta property=\"og:url\" content=\"https:\/\/www.rodaonline.com\/fr\/produits\/\" \/>\n<meta property=\"og:site_name\" content=\"Roda\" \/>\n<meta property=\"article:modified_time\" content=\"2022-02-24T11:25:33+00:00\" \/>\n<meta name=\"twitter:card\" content=\"summary_large_image\" \/>\n<script type=\"application\/ld+json\" class=\"yoast-schema-graph\">{\"@context\":\"https:\\\/\\\/schema.org\",\"@graph\":[{\"@type\":\"WebPage\",\"@id\":\"https:\\\/\\\/www.rodaonline.com\\\/fr\\\/produits\\\/\",\"url\":\"https:\\\/\\\/www.rodaonline.com\\\/fr\\\/produits\\\/\",\"name\":\"Meubles de Jardin et Ameublement pour Ext\u00e9rieurs | RODA\",\"isPartOf\":{\"@id\":\"https:\\\/\\\/www.rodaonline.com\\\/fr\\\/#website\"},\"datePublished\":\"2021-11-08T16:39:26+00:00\",\"dateModified\":\"2022-02-24T11:25:33+00:00\",\"description\":\"RODA propose sa vision de l\u2019Italian design dans le monde en r\u00e9alisant un ameublement pour ext\u00e9rieur de haute qualit\u00e9. D\u00e9couvrez toutes les propositions RODA pour l'ameublement ext\u00e9rieur : canap\u00e9s, fauteuils et poufs, tables basses et bancs, tables, chaises et tabourets de bar, chaises longues et bains de soleil, gazebos et diviseurs, tapis.\",\"inLanguage\":\"fr-FR\",\"potentialAction\":[{\"@type\":\"ReadAction\",\"target\":[\"https:\\\/\\\/www.rodaonline.com\\\/fr\\\/produits\\\/\"]}]},{\"@type\":\"WebSite\",\"@id\":\"https:\\\/\\\/www.rodaonline.com\\\/fr\\\/#website\",\"url\":\"https:\\\/\\\/www.rodaonline.com\\\/fr\\\/\",\"name\":\"Roda\",\"description\":\"\",\"potentialAction\":[{\"@type\":\"SearchAction\",\"target\":{\"@type\":\"EntryPoint\",\"urlTemplate\":\"https:\\\/\\\/www.rodaonline.com\\\/fr\\\/?s={search_term_string}\"},\"query-input\":{\"@type\":\"PropertyValueSpecification\",\"valueRequired\":true,\"valueName\":\"search_term_string\"}}],\"inLanguage\":\"fr-FR\"}]}<\/script>\n<!-- \/ Yoast SEO plugin. -->","yoast_head_json":{"title":"Meubles de Jardin et Ameublement pour Ext\u00e9rieurs | RODA","description":"RODA propose sa vision de l\u2019Italian design dans le monde en r\u00e9alisant un ameublement pour ext\u00e9rieur de haute qualit\u00e9. D\u00e9couvrez toutes les propositions RODA pour l'ameublement ext\u00e9rieur : canap\u00e9s, fauteuils et poufs, tables basses et bancs, tables, chaises et tabourets de bar, chaises longues et bains de soleil, gazebos et diviseurs, tapis.","robots":{"index":"index","follow":"follow","max-snippet":"max-snippet:-1","max-image-preview":"max-image-preview:large","max-video-preview":"max-video-preview:-1"},"canonical":"https:\/\/www.rodaonline.com\/fr\/produits\/","og_locale":"fr_FR","og_type":"article","og_title":"Meubles de Jardin et Ameublement pour Ext\u00e9rieurs | RODA","og_description":"RODA propose sa vision de l\u2019Italian design dans le monde en r\u00e9alisant un ameublement pour ext\u00e9rieur de haute qualit\u00e9. D\u00e9couvrez toutes les propositions RODA pour l'ameublement ext\u00e9rieur : canap\u00e9s, fauteuils et poufs, tables basses et bancs, tables, chaises et tabourets de bar, chaises longues et bains de soleil, gazebos et diviseurs, tapis.","og_url":"https:\/\/www.rodaonline.com\/fr\/produits\/","og_site_name":"Roda","article_modified_time":"2022-02-24T11:25:33+00:00","twitter_card":"summary_large_image","schema":{"@context":"https:\/\/schema.org","@graph":[{"@type":"WebPage","@id":"https:\/\/www.rodaonline.com\/fr\/produits\/","url":"https:\/\/www.rodaonline.com\/fr\/produits\/","name":"Meubles de Jardin et Ameublement pour Ext\u00e9rieurs | RODA","isPartOf":{"@id":"https:\/\/www.rodaonline.com\/fr\/#website"},"datePublished":"2021-11-08T16:39:26+00:00","dateModified":"2022-02-24T11:25:33+00:00","description":"RODA propose sa vision de l\u2019Italian design dans le monde en r\u00e9alisant un ameublement pour ext\u00e9rieur de haute qualit\u00e9. D\u00e9couvrez toutes les propositions RODA pour l'ameublement ext\u00e9rieur : canap\u00e9s, fauteuils et poufs, tables basses et bancs, tables, chaises et tabourets de bar, chaises longues et bains de soleil, gazebos et diviseurs, tapis.","inLanguage":"fr-FR","potentialAction":[{"@type":"ReadAction","target":["https:\/\/www.rodaonline.com\/fr\/produits\/"]}]},{"@type":"WebSite","@id":"https:\/\/www.rodaonline.com\/fr\/#website","url":"https:\/\/www.rodaonline.com\/fr\/","name":"Roda","description":"","potentialAction":[{"@type":"SearchAction","target":{"@type":"EntryPoint","urlTemplate":"https:\/\/www.rodaonline.com\/fr\/?s={search_term_string}"},"query-input":{"@type":"PropertyValueSpecification","valueRequired":true,"valueName":"search_term_string"}}],"inLanguage":"fr-FR"}]}},"_links":{"self":[{"href":"https:\/\/www.rodaonline.com\/fr\/wp-json\/wp\/v2\/pages\/13668","targetHints":{"allow":["GET"]}}],"collection":[{"href":"https:\/\/www.rodaonline.com\/fr\/wp-json\/wp\/v2\/pages"}],"about":[{"href":"https:\/\/www.rodaonline.com\/fr\/wp-json\/wp\/v2\/types\/page"}],"author":[{"embeddable":true,"href":"https:\/\/www.rodaonline.com\/fr\/wp-json\/wp\/v2\/users\/2"}],"replies":[{"embeddable":true,"href":"https:\/\/www.rodaonline.com\/fr\/wp-json\/wp\/v2\/comments?post=13668"}],"version-history":[{"count":3,"href":"https:\/\/www.rodaonline.com\/fr\/wp-json\/wp\/v2\/pages\/13668\/revisions"}],"predecessor-version":[{"id":19698,"href":"https:\/\/www.rodaonline.com\/fr\/wp-json\/wp\/v2\/pages\/13668\/revisions\/19698"}],"wp:attachment":[{"href":"https:\/\/www.rodaonline.com\/fr\/wp-json\/wp\/v2\/media?parent=13668"}],"curies":[{"name":"wp","href":"https:\/\/api.w.org\/{rel}","templated":true}]}}