{"id":13736,"date":"2021-11-08T17:39:34","date_gmt":"2021-11-08T16:39:34","guid":{"rendered":"https:\/\/www.rodaonline.com\/collezioni\/"},"modified":"2022-02-24T12:24:53","modified_gmt":"2022-02-24T11:24:53","slug":"collections","status":"publish","type":"page","link":"https:\/\/www.rodaonline.com\/fr\/collections\/","title":{"rendered":"Collections"},"content":{"rendered":"","protected":false},"excerpt":{"rendered":"","protected":false},"author":2,"featured_media":0,"parent":0,"menu_order":58,"comment_status":"closed","ping_status":"closed","template":"template-parts\/collezioni.php","meta":{"_acf_changed":false,"footnotes":""},"class_list":["post-13736","page","type-page","status-publish","hentry","entry"],"acf":[],"yoast_head":"<!-- This site is optimized with the Yoast SEO plugin v27.3 - https:\/\/yoast.com\/product\/yoast-seo-wordpress\/ -->\n<title>Collections | Meubles Design pour Ext\u00e9rieur | RODA<\/title>\n<meta name=\"description\" content=\"D\u00e9couvrez les collections sign\u00e9es RODA : des propositions pour les meubles design pour ext\u00e9rieur \u00e9l\u00e9gants et toujours originaux qui suppriment les barri\u00e8res entre espaces int\u00e9rieurs et ext\u00e9rieurs.\" \/>\n<meta name=\"robots\" content=\"index, follow, max-snippet:-1, max-image-preview:large, max-video-preview:-1\" \/>\n<link rel=\"canonical\" href=\"https:\/\/www.rodaonline.com\/fr\/collections\/\" \/>\n<meta property=\"og:locale\" content=\"fr_FR\" \/>\n<meta property=\"og:type\" content=\"article\" \/>\n<meta property=\"og:title\" content=\"Collections | Meubles Design pour Ext\u00e9rieur | RODA\" \/>\n<meta property=\"og:description\" content=\"D\u00e9couvrez les collections sign\u00e9es RODA : des propositions pour les meubles design pour ext\u00e9rieur \u00e9l\u00e9gants et toujours originaux qui suppriment les barri\u00e8res entre espaces int\u00e9rieurs et ext\u00e9rieurs.\" \/>\n<meta property=\"og:url\" content=\"https:\/\/www.rodaonline.com\/fr\/collections\/\" \/>\n<meta property=\"og:site_name\" content=\"Roda\" \/>\n<meta property=\"article:modified_time\" content=\"2022-02-24T11:24:53+00:00\" \/>\n<meta name=\"twitter:card\" content=\"summary_large_image\" \/>\n<script type=\"application\/ld+json\" class=\"yoast-schema-graph\">{\"@context\":\"https:\\\/\\\/schema.org\",\"@graph\":[{\"@type\":\"WebPage\",\"@id\":\"https:\\\/\\\/www.rodaonline.com\\\/fr\\\/collections\\\/\",\"url\":\"https:\\\/\\\/www.rodaonline.com\\\/fr\\\/collections\\\/\",\"name\":\"Collections | Meubles Design pour Ext\u00e9rieur | RODA\",\"isPartOf\":{\"@id\":\"https:\\\/\\\/www.rodaonline.com\\\/fr\\\/#website\"},\"datePublished\":\"2021-11-08T16:39:34+00:00\",\"dateModified\":\"2022-02-24T11:24:53+00:00\",\"description\":\"D\u00e9couvrez les collections sign\u00e9es RODA : des propositions pour les meubles design pour ext\u00e9rieur \u00e9l\u00e9gants et toujours originaux qui suppriment les barri\u00e8res entre espaces int\u00e9rieurs et ext\u00e9rieurs.\",\"inLanguage\":\"fr-FR\",\"potentialAction\":[{\"@type\":\"ReadAction\",\"target\":[\"https:\\\/\\\/www.rodaonline.com\\\/fr\\\/collections\\\/\"]}]},{\"@type\":\"WebSite\",\"@id\":\"https:\\\/\\\/www.rodaonline.com\\\/fr\\\/#website\",\"url\":\"https:\\\/\\\/www.rodaonline.com\\\/fr\\\/\",\"name\":\"Roda\",\"description\":\"\",\"potentialAction\":[{\"@type\":\"SearchAction\",\"target\":{\"@type\":\"EntryPoint\",\"urlTemplate\":\"https:\\\/\\\/www.rodaonline.com\\\/fr\\\/?s={search_term_string}\"},\"query-input\":{\"@type\":\"PropertyValueSpecification\",\"valueRequired\":true,\"valueName\":\"search_term_string\"}}],\"inLanguage\":\"fr-FR\"}]}<\/script>\n<!-- \/ Yoast SEO plugin. -->","yoast_head_json":{"title":"Collections | Meubles Design pour Ext\u00e9rieur | RODA","description":"D\u00e9couvrez les collections sign\u00e9es RODA : des propositions pour les meubles design pour ext\u00e9rieur \u00e9l\u00e9gants et toujours originaux qui suppriment les barri\u00e8res entre espaces int\u00e9rieurs et ext\u00e9rieurs.","robots":{"index":"index","follow":"follow","max-snippet":"max-snippet:-1","max-image-preview":"max-image-preview:large","max-video-preview":"max-video-preview:-1"},"canonical":"https:\/\/www.rodaonline.com\/fr\/collections\/","og_locale":"fr_FR","og_type":"article","og_title":"Collections | Meubles Design pour Ext\u00e9rieur | RODA","og_description":"D\u00e9couvrez les collections sign\u00e9es RODA : des propositions pour les meubles design pour ext\u00e9rieur \u00e9l\u00e9gants et toujours originaux qui suppriment les barri\u00e8res entre espaces int\u00e9rieurs et ext\u00e9rieurs.","og_url":"https:\/\/www.rodaonline.com\/fr\/collections\/","og_site_name":"Roda","article_modified_time":"2022-02-24T11:24:53+00:00","twitter_card":"summary_large_image","schema":{"@context":"https:\/\/schema.org","@graph":[{"@type":"WebPage","@id":"https:\/\/www.rodaonline.com\/fr\/collections\/","url":"https:\/\/www.rodaonline.com\/fr\/collections\/","name":"Collections | Meubles Design pour Ext\u00e9rieur | RODA","isPartOf":{"@id":"https:\/\/www.rodaonline.com\/fr\/#website"},"datePublished":"2021-11-08T16:39:34+00:00","dateModified":"2022-02-24T11:24:53+00:00","description":"D\u00e9couvrez les collections sign\u00e9es RODA : des propositions pour les meubles design pour ext\u00e9rieur \u00e9l\u00e9gants et toujours originaux qui suppriment les barri\u00e8res entre espaces int\u00e9rieurs et ext\u00e9rieurs.","inLanguage":"fr-FR","potentialAction":[{"@type":"ReadAction","target":["https:\/\/www.rodaonline.com\/fr\/collections\/"]}]},{"@type":"WebSite","@id":"https:\/\/www.rodaonline.com\/fr\/#website","url":"https:\/\/www.rodaonline.com\/fr\/","name":"Roda","description":"","potentialAction":[{"@type":"SearchAction","target":{"@type":"EntryPoint","urlTemplate":"https:\/\/www.rodaonline.com\/fr\/?s={search_term_string}"},"query-input":{"@type":"PropertyValueSpecification","valueRequired":true,"valueName":"search_term_string"}}],"inLanguage":"fr-FR"}]}},"_links":{"self":[{"href":"https:\/\/www.rodaonline.com\/fr\/wp-json\/wp\/v2\/pages\/13736","targetHints":{"allow":["GET"]}}],"collection":[{"href":"https:\/\/www.rodaonline.com\/fr\/wp-json\/wp\/v2\/pages"}],"about":[{"href":"https:\/\/www.rodaonline.com\/fr\/wp-json\/wp\/v2\/types\/page"}],"author":[{"embeddable":true,"href":"https:\/\/www.rodaonline.com\/fr\/wp-json\/wp\/v2\/users\/2"}],"replies":[{"embeddable":true,"href":"https:\/\/www.rodaonline.com\/fr\/wp-json\/wp\/v2\/comments?post=13736"}],"version-history":[{"count":4,"href":"https:\/\/www.rodaonline.com\/fr\/wp-json\/wp\/v2\/pages\/13736\/revisions"}],"predecessor-version":[{"id":19693,"href":"https:\/\/www.rodaonline.com\/fr\/wp-json\/wp\/v2\/pages\/13736\/revisions\/19693"}],"wp:attachment":[{"href":"https:\/\/www.rodaonline.com\/fr\/wp-json\/wp\/v2\/media?parent=13736"}],"curies":[{"name":"wp","href":"https:\/\/api.w.org\/{rel}","templated":true}]}}