{"id":13755,"date":"2021-11-29T14:41:05","date_gmt":"2021-11-29T13:41:05","guid":{"rendered":"https:\/\/www.rodaonline.com\/storia\/"},"modified":"2024-01-16T15:49:10","modified_gmt":"2024-01-16T14:49:10","slug":"histoire","status":"publish","type":"page","link":"https:\/\/www.rodaonline.com\/fr\/histoire\/","title":{"rendered":"Plus de 30 ans de RODA"},"content":{"rendered":"","protected":false},"excerpt":{"rendered":"","protected":false},"author":2,"featured_media":0,"parent":0,"menu_order":25,"comment_status":"closed","ping_status":"closed","template":"","meta":{"_acf_changed":false,"footnotes":""},"class_list":["post-13755","page","type-page","status-publish","hentry","entry"],"acf":[],"yoast_head":"<!-- This site is optimized with the Yoast SEO plugin v27.3 - https:\/\/yoast.com\/product\/yoast-seo-wordpress\/ -->\n<title>30 ans | RODA<\/title>\n<meta name=\"description\" content=\"RODA f\u00eate ses trente ans. Un bel \u00e2ge, atteint avec une conscience de soi et des objectifs r\u00e9alis\u00e9s au cours d&#039;ann\u00e9es de croissance, de recherche, de succ\u00e8s et d&#039;\u00e9motion.\" \/>\n<meta name=\"robots\" content=\"index, follow, max-snippet:-1, max-image-preview:large, max-video-preview:-1\" \/>\n<link rel=\"canonical\" href=\"https:\/\/www.rodaonline.com\/fr\/histoire\/\" \/>\n<meta property=\"og:locale\" content=\"fr_FR\" \/>\n<meta property=\"og:type\" content=\"article\" \/>\n<meta property=\"og:title\" content=\"30 ans | RODA\" \/>\n<meta property=\"og:description\" content=\"RODA f\u00eate ses trente ans. Un bel \u00e2ge, atteint avec une conscience de soi et des objectifs r\u00e9alis\u00e9s au cours d&#039;ann\u00e9es de croissance, de recherche, de succ\u00e8s et d&#039;\u00e9motion.\" \/>\n<meta property=\"og:url\" content=\"https:\/\/www.rodaonline.com\/fr\/histoire\/\" \/>\n<meta property=\"og:site_name\" content=\"Roda\" \/>\n<meta property=\"article:modified_time\" content=\"2024-01-16T14:49:10+00:00\" \/>\n<meta name=\"twitter:card\" content=\"summary_large_image\" \/>\n<script type=\"application\/ld+json\" class=\"yoast-schema-graph\">{\"@context\":\"https:\\\/\\\/schema.org\",\"@graph\":[{\"@type\":\"WebPage\",\"@id\":\"https:\\\/\\\/www.rodaonline.com\\\/fr\\\/histoire\\\/\",\"url\":\"https:\\\/\\\/www.rodaonline.com\\\/fr\\\/histoire\\\/\",\"name\":\"30 ans | RODA\",\"isPartOf\":{\"@id\":\"https:\\\/\\\/www.rodaonline.com\\\/fr\\\/#website\"},\"datePublished\":\"2021-11-29T13:41:05+00:00\",\"dateModified\":\"2024-01-16T14:49:10+00:00\",\"description\":\"RODA f\u00eate ses trente ans. Un bel \u00e2ge, atteint avec une conscience de soi et des objectifs r\u00e9alis\u00e9s au cours d'ann\u00e9es de croissance, de recherche, de succ\u00e8s et d'\u00e9motion.\",\"inLanguage\":\"fr-FR\",\"potentialAction\":[{\"@type\":\"ReadAction\",\"target\":[\"https:\\\/\\\/www.rodaonline.com\\\/fr\\\/histoire\\\/\"]}]},{\"@type\":\"WebSite\",\"@id\":\"https:\\\/\\\/www.rodaonline.com\\\/fr\\\/#website\",\"url\":\"https:\\\/\\\/www.rodaonline.com\\\/fr\\\/\",\"name\":\"Roda\",\"description\":\"\",\"potentialAction\":[{\"@type\":\"SearchAction\",\"target\":{\"@type\":\"EntryPoint\",\"urlTemplate\":\"https:\\\/\\\/www.rodaonline.com\\\/fr\\\/?s={search_term_string}\"},\"query-input\":{\"@type\":\"PropertyValueSpecification\",\"valueRequired\":true,\"valueName\":\"search_term_string\"}}],\"inLanguage\":\"fr-FR\"}]}<\/script>\n<!-- \/ Yoast SEO plugin. -->","yoast_head_json":{"title":"30 ans | RODA","description":"RODA f\u00eate ses trente ans. Un bel \u00e2ge, atteint avec une conscience de soi et des objectifs r\u00e9alis\u00e9s au cours d'ann\u00e9es de croissance, de recherche, de succ\u00e8s et d'\u00e9motion.","robots":{"index":"index","follow":"follow","max-snippet":"max-snippet:-1","max-image-preview":"max-image-preview:large","max-video-preview":"max-video-preview:-1"},"canonical":"https:\/\/www.rodaonline.com\/fr\/histoire\/","og_locale":"fr_FR","og_type":"article","og_title":"30 ans | RODA","og_description":"RODA f\u00eate ses trente ans. Un bel \u00e2ge, atteint avec une conscience de soi et des objectifs r\u00e9alis\u00e9s au cours d'ann\u00e9es de croissance, de recherche, de succ\u00e8s et d'\u00e9motion.","og_url":"https:\/\/www.rodaonline.com\/fr\/histoire\/","og_site_name":"Roda","article_modified_time":"2024-01-16T14:49:10+00:00","twitter_card":"summary_large_image","schema":{"@context":"https:\/\/schema.org","@graph":[{"@type":"WebPage","@id":"https:\/\/www.rodaonline.com\/fr\/histoire\/","url":"https:\/\/www.rodaonline.com\/fr\/histoire\/","name":"30 ans | RODA","isPartOf":{"@id":"https:\/\/www.rodaonline.com\/fr\/#website"},"datePublished":"2021-11-29T13:41:05+00:00","dateModified":"2024-01-16T14:49:10+00:00","description":"RODA f\u00eate ses trente ans. Un bel \u00e2ge, atteint avec une conscience de soi et des objectifs r\u00e9alis\u00e9s au cours d'ann\u00e9es de croissance, de recherche, de succ\u00e8s et d'\u00e9motion.","inLanguage":"fr-FR","potentialAction":[{"@type":"ReadAction","target":["https:\/\/www.rodaonline.com\/fr\/histoire\/"]}]},{"@type":"WebSite","@id":"https:\/\/www.rodaonline.com\/fr\/#website","url":"https:\/\/www.rodaonline.com\/fr\/","name":"Roda","description":"","potentialAction":[{"@type":"SearchAction","target":{"@type":"EntryPoint","urlTemplate":"https:\/\/www.rodaonline.com\/fr\/?s={search_term_string}"},"query-input":{"@type":"PropertyValueSpecification","valueRequired":true,"valueName":"search_term_string"}}],"inLanguage":"fr-FR"}]}},"_links":{"self":[{"href":"https:\/\/www.rodaonline.com\/fr\/wp-json\/wp\/v2\/pages\/13755","targetHints":{"allow":["GET"]}}],"collection":[{"href":"https:\/\/www.rodaonline.com\/fr\/wp-json\/wp\/v2\/pages"}],"about":[{"href":"https:\/\/www.rodaonline.com\/fr\/wp-json\/wp\/v2\/types\/page"}],"author":[{"embeddable":true,"href":"https:\/\/www.rodaonline.com\/fr\/wp-json\/wp\/v2\/users\/2"}],"replies":[{"embeddable":true,"href":"https:\/\/www.rodaonline.com\/fr\/wp-json\/wp\/v2\/comments?post=13755"}],"version-history":[{"count":21,"href":"https:\/\/www.rodaonline.com\/fr\/wp-json\/wp\/v2\/pages\/13755\/revisions"}],"predecessor-version":[{"id":31717,"href":"https:\/\/www.rodaonline.com\/fr\/wp-json\/wp\/v2\/pages\/13755\/revisions\/31717"}],"wp:attachment":[{"href":"https:\/\/www.rodaonline.com\/fr\/wp-json\/wp\/v2\/media?parent=13755"}],"curies":[{"name":"wp","href":"https:\/\/api.w.org\/{rel}","templated":true}]}}